{"id":54497,"date":"2025-11-25T10:28:52","date_gmt":"2025-11-25T10:28:52","guid":{"rendered":"https:\/\/abfstaging21314.live-website.com\/agb\/"},"modified":"2026-03-26T10:27:13","modified_gmt":"2026-03-26T10:27:13","slug":"agb","status":"publish","type":"page","link":"https:\/\/abf.at\/en\/imprint-and-legal-information\/agb\/","title":{"rendered":"Allgemeine Gesch\u00e4ftsbedingungen"},"content":{"rendered":"\t\t<div data-elementor-type=\"wp-page\" data-elementor-id=\"54497\" class=\"elementor elementor-54497 elementor-53793\" data-elementor-post-type=\"page\">\n\t\t\t\t<div class=\"elementor-element elementor-element-ac11cd2 e-flex e-con-boxed e-con e-parent\" data-id=\"ac11cd2\" data-element_type=\"container\">\n\t\t\t\t\t<div class=\"e-con-inner\">\n\t\t\t\t<div class=\"elementor-element elementor-element-7b41424 elementor-widget elementor-widget-heading\" data-id=\"7b41424\" data-element_type=\"widget\" data-widget_type=\"heading.default\">\n\t\t\t\t\t<h2 class=\"elementor-heading-title elementor-size-default\">Allgemeine Gesch\u00e4ftsbedingungen<\/h2>\t\t\t\t<\/div>\n\t\t\t\t<div class=\"elementor-element elementor-element-acaa610 elementor-toc--content-ellipsis elementor-widget__width-inherit elementor-widget elementor-widget-table-of-contents\" data-id=\"acaa610\" data-element_type=\"widget\" data-settings=\"{&quot;headings_by_tags&quot;:[&quot;h5&quot;,&quot;h6&quot;],&quot;exclude_headings_by_selector&quot;:[],&quot;collapse_subitems&quot;:&quot;yes&quot;,&quot;min_height&quot;:{&quot;unit&quot;:&quot;px&quot;,&quot;size&quot;:0,&quot;sizes&quot;:[]},&quot;no_headings_message&quot;:&quot;Es wurden keine \\u00dcberschriften auf dieser Seite gefunden.&quot;,&quot;marker_view&quot;:&quot;numbers&quot;,&quot;hierarchical_view&quot;:&quot;yes&quot;,&quot;min_height_laptop&quot;:{&quot;unit&quot;:&quot;px&quot;,&quot;size&quot;:&quot;&quot;,&quot;sizes&quot;:[]},&quot;min_height_tablet&quot;:{&quot;unit&quot;:&quot;px&quot;,&quot;size&quot;:&quot;&quot;,&quot;sizes&quot;:[]},&quot;min_height_mobile&quot;:{&quot;unit&quot;:&quot;px&quot;,&quot;size&quot;:&quot;&quot;,&quot;sizes&quot;:[]}}\" data-widget_type=\"table-of-contents.default\">\n\t\t\t\t\t\t\t\t\t<div id=\"elementor-toc__acaa610\" class=\"elementor-toc__body elementor-toc__list-items--collapsible\">\n\t\t\t<div class=\"elementor-toc__spinner-container\">\n\t\t\t\t<svg class=\"elementor-toc__spinner eicon-animation-spin e-font-icon-svg e-eicon-loading\" aria-hidden=\"true\" viewBox=\"0 0 1000 1000\" xmlns=\"http:\/\/www.w3.org\/2000\/svg\"><path d=\"M500 975V858C696 858 858 696 858 500S696 142 500 142 142 304 142 500H25C25 237 238 25 500 25S975 237 975 500 763 975 500 975Z\"><\/path><\/svg>\t\t\t<\/div>\n\t\t<\/div>\n\t\t\t\t\t\t<\/div>\n\t\t\t\t<div class=\"elementor-element elementor-element-fe04569 elementor-widget elementor-widget-text-editor\" data-id=\"fe04569\" data-element_type=\"widget\" data-widget_type=\"text-editor.default\">\n\t\t\t\t\t\t\t\t\t<h5>1. Angebot und Vertragsschluss<\/h5><p>Die hiermit festgehaltenen Bedingungen gelten ausschlie\u00dflich; entgegenstehende Gesch\u00e4ftsbedingungen des Auftraggebers werden von ABF nur nach schriftlicher Zustimmung anerkannt. Alle Vereinbarungen der Parteien m\u00fcssen schriftlich erfolgen.<\/p><h5>2. Mitwirkungspflichten des Auftraggebers<\/h5><p>Wird ABF durch Verletzung von Mitwirkungspflichten in der Erf\u00fcllung seiner Leistungspflichten behindert, so ist der Auftraggeber zum Ersatz dadurch bedingter Mehrkosten verpflichtet. Wird die Erf\u00fcllung der Leistungspflichten von ABF durch Verletzung von Pflichten des Auftraggebers oder durch sonstige vom Auftraggeber zu vertretenden Behinderungen verz\u00f6gert, so sind ABF angemessene Fristverl\u00e4ngerungen einzur\u00e4umen.<\/p><h5>3. Eigentumsvorbehalt<\/h5><p>Die gelieferte Ware bleibt bis zur vollst\u00e4ndigen Bezahlung Eigentum von ABF. Der Auftraggeber ist verpflichtet, ABF von Zugriffen Dritter auf die dem Eigentumsvorbehalt unterliegende Ware, insbesondere von Zwangsvollstreckungen oder Beschlagnahmen, und von allen eventuell eingetretenen Sch\u00e4den an den Vorbehaltswaren unverz\u00fcglich zu unterrichten.<\/p><h5>4. Termine<\/h5><p>Termine gelten als verbindlich, wenn sie in diesem Angebot als verbindlich angegeben sind. Wird ABF durch Forderung zus\u00e4tzlicher Leistungen durch den Auftraggeber oder durch h\u00f6here Gewalt bzw. unvorhersehbare Hindernisse, welche geeignet sind, die Vertragserf\u00fcllung zu erschweren oder zu verz\u00f6gern, in der Einhaltung der gesetzten Termine behindert und informiert ABF den Auftraggeber innerhalb von 15 Tagen nach Eintritt der Behinderung \u00fcber daraus resultierende Verz\u00f6gerungen, so ist eine entsprechend angemessene Verl\u00e4ngerung der Lieferungsfrist einzur\u00e4umen. Steht zu erwarten, dass eine Fristverl\u00e4ngerung gem\u00e4\u00df dieser Vorschrift l\u00e4nger als zwei Monate sein wird, so k\u00f6nnen die bis dahin erbrachten Leistungen entgegen eventuell anders vereinbarten Zahlungsterminen sofort abgerechnet werden.<\/p><h5>5. Ge\u00e4nderte oder zus\u00e4tzliche Leistungen<\/h5><p>ABF ist nach Pr\u00fcfung und schriftlicher Zustimmung verpflichtet, vom Auftraggeber gew\u00fcnschte Leistungen, die \u00fcber die vertraglichen Festlegungen hinausgehen oder auf Grund nachtr\u00e4glicher \u00c4nderungen der Leistungsbeschreibung von ihnen abweichen, auszuf\u00fchren. ABF wird die daraus resultierenden Mehrkosten und Terminauswirkungen vor der Ausf\u00fchrung spezifizieren und dem Auftraggeber schriftlich mitteilen. ABF wird die Arbeit nicht ausf\u00fchren, solange keine entsprechende schriftliche Verg\u00fctungsvereinbarung getroffen wurde. ABF ist berechtigt, die Ausf\u00fchrung der gew\u00fcnschten Zusatzleistung zu verweigern, wenn der Auftraggeber die Verg\u00fctungsvereinbarung schuldhaft verz\u00f6gert oder unterl\u00e4sst.<\/p><h5>6. Gew\u00e4hrleistung und Haftung<\/h5><p>Die Gew\u00e4hrleistung erstreckt sich auf einwandfreie Funktion der gelieferten Systeme. Von der Gew\u00e4hrleistung ausgeschlossen sind nat\u00fcrlicher Verschlei\u00df sowie Sch\u00e4den, die infolge h\u00f6herer Gewalt, mangelhafter Unterhaltung, unsachgem\u00e4\u00dfer Behandlung oder \u00dcberlastung entstanden sind. Wird fremdes Personal mit der Reparatur oder Modifikation beauftragt, erlischt die Gew\u00e4hrleistung. ABF leistet Schadenersatz, gleich aus welchem Rechtsgrund, nur in folgendem Umfang: Bei grober Fahrl\u00e4ssigkeit in H\u00f6he des typischen und vorhersehbaren Schadens, der durch die Sorgfaltspflicht verhindert werden sollte; in anderen F\u00e4llen nur bei Verletzung einer vertragswesentlichen Pflicht und bei Verzug auf Ersatz des typischen und vorhersehbaren Schadens, begrenzt auf die der jeweiligen Vertragsposition entsprechende Auftragssumme. Die gesetzliche Haftung bei Personensch\u00e4den und nach dem Produkthaftungsgesetz bleibt unber\u00fchrt. ABF steht der Einwand des Mitverschuldens offen. Soweit gesetzlich zul\u00e4ssig, ist die Haftung sowohl hinsichtlich der Voraussetzung als auch der H\u00f6he nach auf die Deckung der ABF Betriebshaftpflichtversicherung begrenzt. Eine Haftung f\u00fcr die Ausgangsplanung und deren Folgen ist ausgeschlossen. ABF haftet nicht f\u00fcr indirekte Sch\u00e4den, Folgesch\u00e4den und entgangenen Gewinn bzw. Produktionsausfall sowie f\u00fcr sonstige reine Verm\u00f6genssch\u00e4den.<\/p><h5>7. Vertraulichkeit<\/h5><p>Die Vertragspartner verpflichten sich, dieses Angebot, den entsprechenden Vertrag, seine Anlagen und alle im Zusammenhang mit der Vertragsentwicklung bzw. Auftragserf\u00fcllung stehenden Unterlagen vertraulich zu behandeln und die vertrauliche Behandlung durch ihre Mitarbeiter sicherzustellen. Diese Verpflichtung bleibt auch nach Beendigung des Vertrages f\u00fcr die Dauer von f\u00fcnf Jahren g\u00fcltig.<\/p><h5>8. Abwerbeklausel<\/h5><p>Der Auftraggeber verpflichtet sich, f\u00fcr die Dauer der Zusammenarbeit und f\u00fcr einen Zeitraum von zwei Jahren danach keine Mitarbeiter von ABF abzuwerben oder ohne Zustimmung von ABF anzustellen. F\u00fcr jeden Fall der schuldhaften Zuwiderhandlung verpflichtet sich der Auftraggeber, eine Vertragsstrafe in der H\u00f6he von zwei Jahresgeh\u00e4ltern des betroffenen Mitarbeiters zu zahlen.<\/p><h5>9. Ver\u00f6ffentlichungen<\/h5><p>Das Projekt kann jeweils mit Zustimmung des anderen Vertragspartners zum Gegenstand von Ver\u00f6ffentlichungen oder Werbung gemacht werden. Die Zustimmung darf nicht unbillig verweigert werden.<\/p><h5>10. Allgemeine Bedingungen<\/h5><p>Dar\u00fcber hinaus gelten die aktuellen \u201eAllgemeinen Bedingungen f\u00fcr den Verkauf von Organisations- und Programmierleistungen\u201c, herausgegeben vom Fachver-band Unternehmensberatung und Datenverarbeitung der Bundeswirtschaftskammer, sowie die \u201eAllgemeinen Lieferbedingungen\u201c der Elektroindustrie \u00d6sterreichs in der jeweils aktuellsten Ausgabe.<\/p><p>Dieses Angebot ist geistiges Eigentum der ABF GmbH und darf ohne schriftliche Genehmigung seitens ABF weder zur weiteren Projektabwicklung verwendet noch an Dritte weitergeleitet werden. Dies gilt auch f\u00fcr Teile des Angebots. Im Auftragsfall verpflichten sich beide Partner zur gegenseitigen Loyalit\u00e4t entsprechend den o.a. Gesch\u00e4ftsbedingungen. Sollten einzelne Bestimmungen dieser Vereinbarung unwirksam sein, bleiben die \u00fcbrigen Bestimmungen unver\u00e4ndert g\u00fcltig.<\/p><h5>11. Rechtsgrundlage der Verarbeitung<\/h5><p>Art. 6 I lit. a DSGVO dient unserem Unternehmen als Rechtsgrundlage f\u00fcr Verarbeitungsvorg\u00e4nge, bei denen wir eine Einwilligung f\u00fcr einen bestimmten Verarbeitungszweck einholen. Ist die Verarbeitung personenbezogener Daten zur Erf\u00fcllung eines Vertrags, dessen Vertragspartei die betroffene Person ist, erforderlich, wie dies beispielsweise bei Verarbeitungsvorg\u00e4ngen der Fall ist, die f\u00fcr eine Lieferung von Waren oder die Erbringung einer sonstigen Leistung oder Gegenleistung notwendig sind, so beruht die Verarbeitung auf Art. 6 I lit. b DSGVO. Gleiches gilt f\u00fcr solche Verarbeitungsvorg\u00e4nge die zur Durchf\u00fchrung vorvertraglicher Ma\u00dfnahmen erforderlich sind, etwa in F\u00e4llen von Anfragen zur unseren Produkten oder Leistungen. Unterliegt unser Unternehmen einer rechtlichen Verpflichtung durch welche eine Verarbeitung von personenbezogenen Daten erforderlich wird, wie beispielsweise zur Erf\u00fcllung steuerlicher Pflichten, so basiert die Verarbeitung auf Art. 6 I lit. c DSGVO. In seltenen F\u00e4llen k\u00f6nnte die Verarbeitung von personenbezogenen Daten erforderlich werden, um lebenswichtige Interessen der betroffenen Person oder einer anderen nat\u00fcrlichen Person zu sch\u00fctzen. Dies w\u00e4re beispielsweise der Fall, wenn ein Besucher in unserem Betrieb verletzt werden w\u00fcrde und daraufhin sein Name, sein Alter, seine Krankenkassendaten oder sonstige lebenswichtige Informationen an einen Arzt, ein Krankenhaus oder sonstige Dritte weitergegeben werden m\u00fcssten. Dann w\u00fcrde die Verarbeitung auf Art. 6 I lit. d DSGVO beruhen. Letztlich k\u00f6nnten Verarbeitungsvorg\u00e4nge auf Art. 6 I lit. f DSGVO beruhen. Auf dieser Rechtsgrundlage basieren Verarbeitungsvorg\u00e4nge, die von keiner der vorgenannten Rechtsgrundlagen erfasst werden, wenn die Verarbeitung zur Wahrung eines berechtigten Interesses unseres Unternehmens oder eines Dritten erforderlich ist, sofern die Interessen, Grundrechte und Grundfreiheiten des Betroffenen nicht \u00fcberwiegen. Solche Verarbeitungsvorg\u00e4nge sind uns insbesondere deshalb gestattet, weil sie durch den Europ\u00e4ischen Gesetzgeber besonders erw\u00e4hnt wurden. Er vertrat insoweit die Auffassung, dass ein berechtigtes Interesse anzunehmen sein k\u00f6nnte, wenn die betroffene Person ein Kunde des Verantwortlichen ist (Erw\u00e4gungsgrund 47 Satz 2 DSGVO).<\/p><h5>12. Berechtigte Interessen an der Verarbeitung, die von dem Verantwortlichen oder einem Dritten verfolgt werden<\/h5><p>Basiert die Verarbeitung personenbezogener Daten auf Artikel 6 I lit. f DSGVO ist unser berechtigtes Interesse die Durchf\u00fchrung unserer Gesch\u00e4ftst\u00e4tigkeit zugunsten des Wohlergehens all unserer Mitarbeiter und unserer Anteilseigner.<\/p><h5>13. Dauer, f\u00fcr die die personenbezogenen Daten gespeichert werden<\/h5><p>Das Kriterium f\u00fcr die Dauer der Speicherung von personenbezogenen Daten ist die jeweilige gesetzliche Aufbewahrungsfrist. Nach Ablauf der Frist werden die entsprechenden Daten routinem\u00e4\u00dfig gel\u00f6scht, sofern sie nicht mehr zur Vertragserf\u00fcllung oder Vertragsanbahnung erforderlich sind.<\/p><h5>14. Gesetzliche oder vertragliche Vorschriften zur Bereitstellung der personenbezogenen Daten; Erforderlichkeit f\u00fcr den Vertragsabschluss; Verpflichtung der betroffenen Person, die personenbezogenen Daten bereitzustellen; m\u00f6gliche Folgen der Nichtbereitstellung<\/h5><p>Wir kl\u00e4ren Sie dar\u00fcber auf, dass die Bereitstellung personenbezogener Daten zum Teil gesetzlich vorgeschrieben ist (z.B. Steuervorschriften) oder sich auch aus vertraglichen Regelungen (z.B. Angaben zum Vertragspartner) ergeben kann. Mitunter kann es zu einem Vertragsschluss erforderlich sein, dass eine betroffene Person uns personenbezogene Daten zur Verf\u00fcgung stellt, die in der Folge durch uns verarbeitet werden m\u00fcssen. Die betroffene Person ist beispielsweise verpflichtet uns personenbezogene Daten bereitzustellen, wenn unser Unternehmen mit ihr einen Vertrag abschlie\u00dft. Eine Nichtbereitstellung der personenbezogenen Daten h\u00e4tte zur Folge, dass der Vertrag mit dem Betroffenen nicht geschlossen werden k\u00f6nnte. Vor einer Bereitstellung personenbezogener Daten durch den Betroffenen muss sich der Betroffene an einen unserer Mitarbeiter wenden. Unser Mitarbeiter kl\u00e4rt den Betroffenen einzelfallbezogen dar\u00fcber auf, ob die Bereitstellung der personenbezogenen Daten gesetzlich oder vertraglich vorgeschrieben oder f\u00fcr den Vertragsabschluss erforderlich ist, ob eine Verpflichtung besteht, die personenbezogenen Daten bereitzustellen, und welche Folgen die Nichtbereitstellung der personenbezogenen Daten h\u00e4tte.<\/p><h5>15. Bestehen einer automatisierten Entscheidungsfindung<\/h5><p>Als verantwortungsbewusstes Unternehmen verzichten wir auf eine automatische Entscheidungsfindung oder ein Profiling.<\/p><h5>16. Information bez\u00fcglich der Verarbeitung Ihrer eventuell personenbezogenen Daten im Rahmen Ihres Auftrags an ABF<\/h5><p>Teil der angebotenen Leistung ist es, im Zuge der Inbetriebnahme und w\u00e4hrend der Gew\u00e4hrleistungsdauer Vorkommnisse im Betrieb der angebotenen Applikation zu analysieren und den funktionalen und zeitlichen Ablauf der Ereignisse festzustellen. Darauf basierend k\u00f6nnen entsprechende technische Verbesserungen der Applikation oder organisatorische Ma\u00dfnahmen abgeleitet und vorgeschlagen werden. Dazu werden die von unseren Programmen gesammelten Daten, sowohl vor als auch nach der Inbetriebnahme, eventuell als Testdaten auf einem eigenen Testserver bei uns im Haus verwendet und lokal verarbeitet. Dies gilt auch f\u00fcr die w\u00e4hrend des Betriebs erstellten Logfiles der Programme. In Bezug auf die Verarbeitung dieser eventuell auch personenbezogenen Daten sehen wir uns gegebenenfalls als Auftragsverarbeiter im Sinne der DSGVO. Diese Verarbeitung der Daten bei uns im Haus ist im Rahmen des Abschlusses der angebotenen Lieferungsvereinbarung Teil der beauftragten Leistung. Als Verantwortliche im Sinne der DSGVO verarbeiten wir zur Erf\u00fcllung der angebotenen Leistung dar\u00fcber hinaus folgende Daten von Ihren Mitarbeitern, die mit der Abwicklung betraut werden: Kontaktdaten, sowie Dokumente und Korrespondenz \u00fcber die angebotene Leistung. Die verarbeiteten Daten werden nach Ablauf der gesetzlichen Aufbewahrungspflichten gel\u00f6scht.<\/p><h5>17. Datenverarbeitung bei Bewerbungen<\/h5><p>Durch das Bereitstellen Ihrer angegebenen Daten an ABF GmbH, Deggendorfstra\u00dfe 6, 4030 Linz, erkl\u00e4ren Sie sich damit einverstanden, dass diese Daten zum Zweck des Personal-Recruitings f\u00fcr die Dauer von maximal 2 Jahren ab dem letzten Kontakt gespeichert, verarbeitet und verwendet werden d\u00fcrfen und dass wir Sie \u00fcber die angegeben Kontaktdaten \u00fcber neue Jobangebote in unserem Unternehmen informieren d\u00fcrfen. Ihre Daten werden mit gr\u00f6\u00dfter Sorgfalt behandelt, niemals an Dritte weitergegeben und ausschlie\u00dflich f\u00fcr den genannten Zweck eingesetzt. Ihr Einverst\u00e4ndnis zur Speicherung, Verarbeitung und Verwendung Ihrer Daten k\u00f6nnen Sie jederzeit widerrufen. Wenden Sie sich daf\u00fcr an office@abf.at oder +43 732 30 40 30. Weiters haben Sie noch das Recht auf Auskunft, Berichtigung, L\u00f6schung, Einschr\u00e4nkung der Verarbeitung und \u00dcbertragung Ihrer Daten sowie auf Beschwerde bei der Datenschutzbeh\u00f6rde, sollten Sie der Ansicht sein, dass die Verarbeitung Ihrer Daten gegen die Regelungen der Datenschutz-Grundverordnung verst\u00f6\u00dft.<\/p><p>Diese Datenschutzerkl\u00e4rung wurde durch den Datenschutzerkl\u00e4rungs-Generator der DGD Deutsche Gesellschaft f\u00fcr Datenschutz GmbH generiert.<\/p>\t\t\t\t\t\t\t\t<\/div>\n\t\t\t\t\t<\/div>\n\t\t\t\t<\/div>\n\t\t\t\t<\/div>\n\t\t","protected":false},"excerpt":{"rendered":"<p>Allgemeine Gesch\u00e4ftsbedingungen 1. Angebot und Vertragsschluss Die hiermit festgehaltenen Bedingungen gelten ausschlie\u00dflich; entgegenstehende Gesch\u00e4ftsbedingungen des Auftraggebers werden von ABF nur nach schriftlicher Zustimmung anerkannt. Alle Vereinbarungen der Parteien m\u00fcssen schriftlich erfolgen. 2. Mitwirkungspflichten des Auftraggebers Wird ABF durch Verletzung von Mitwirkungspflichten in der Erf\u00fcllung seiner Leistungspflichten behindert, so ist der Auftraggeber zum Ersatz dadurch bedingter [&hellip;]<\/p>\n","protected":false},"author":1,"featured_media":0,"parent":54619,"menu_order":0,"comment_status":"closed","ping_status":"closed","template":"","meta":{"_acf_changed":false,"footnotes":""},"class_list":["post-54497","page","type-page","status-publish","hentry"],"acf":[],"yoast_head":"<!-- This site is optimized with the Yoast SEO Premium plugin v26.4 (Yoast SEO v26.4) - https:\/\/yoast.com\/wordpress\/plugins\/seo\/ -->\n<title>Allgemeine Gesch\u00e4ftsbedingungen - ABF GmbH<\/title>\n<meta name=\"robots\" content=\"index, follow, max-snippet:-1, max-image-preview:large, max-video-preview:-1\" \/>\n<link rel=\"canonical\" href=\"https:\/\/abf.at\/en\/imprint-and-legal-information\/agb\/\" \/>\n<meta property=\"og:locale\" content=\"en_US\" \/>\n<meta property=\"og:type\" content=\"article\" \/>\n<meta property=\"og:title\" content=\"Allgemeine Gesch\u00e4ftsbedingungen\" \/>\n<meta property=\"og:description\" content=\"Allgemeine Gesch\u00e4ftsbedingungen 1. Angebot und Vertragsschluss Die hiermit festgehaltenen Bedingungen gelten ausschlie\u00dflich; entgegenstehende Gesch\u00e4ftsbedingungen des Auftraggebers werden von ABF nur nach schriftlicher Zustimmung anerkannt. Alle Vereinbarungen der Parteien m\u00fcssen schriftlich erfolgen. 2. Mitwirkungspflichten des Auftraggebers Wird ABF durch Verletzung von Mitwirkungspflichten in der Erf\u00fcllung seiner Leistungspflichten behindert, so ist der Auftraggeber zum Ersatz dadurch bedingter [&hellip;]\" \/>\n<meta property=\"og:url\" content=\"https:\/\/abf.at\/en\/imprint-and-legal-information\/agb\/\" \/>\n<meta property=\"og:site_name\" content=\"ABF GmbH\" \/>\n<meta property=\"article:modified_time\" content=\"2026-03-26T10:27:13+00:00\" \/>\n<meta property=\"og:image\" content=\"https:\/\/abf.at\/wp-content\/uploads\/thumb_cover_image-scaled.png\" \/>\n\t<meta property=\"og:image:width\" content=\"2560\" \/>\n\t<meta property=\"og:image:height\" content=\"1440\" \/>\n\t<meta property=\"og:image:type\" content=\"image\/png\" \/>\n<meta name=\"twitter:card\" content=\"summary_large_image\" \/>\n<meta name=\"twitter:label1\" content=\"Est. reading time\" \/>\n\t<meta name=\"twitter:data1\" content=\"9 minutes\" \/>\n<script type=\"application\/ld+json\" class=\"yoast-schema-graph\">{\"@context\":\"https:\/\/schema.org\",\"@graph\":[{\"@type\":\"WebPage\",\"@id\":\"https:\/\/abf.at\/en\/imprint-and-legal-information\/agb\/\",\"url\":\"https:\/\/abf.at\/en\/imprint-and-legal-information\/agb\/\",\"name\":\"Allgemeine Gesch\u00e4ftsbedingungen - ABF GmbH\",\"isPartOf\":{\"@id\":\"https:\/\/abf.at\/en\/#website\"},\"datePublished\":\"2025-11-25T10:28:52+00:00\",\"dateModified\":\"2026-03-26T10:27:13+00:00\",\"breadcrumb\":{\"@id\":\"https:\/\/abf.at\/en\/imprint-and-legal-information\/agb\/#breadcrumb\"},\"inLanguage\":\"en-US\",\"potentialAction\":[{\"@type\":\"ReadAction\",\"target\":[\"https:\/\/abf.at\/en\/imprint-and-legal-information\/agb\/\"]}]},{\"@type\":\"BreadcrumbList\",\"@id\":\"https:\/\/abf.at\/en\/imprint-and-legal-information\/agb\/#breadcrumb\",\"itemListElement\":[{\"@type\":\"ListItem\",\"position\":1,\"name\":\"Startseite\",\"item\":\"https:\/\/abf.at\/en\/\"},{\"@type\":\"ListItem\",\"position\":2,\"name\":\"Imprint and Legal Information\",\"item\":\"https:\/\/abf.at\/en\/impressum\/\"},{\"@type\":\"ListItem\",\"position\":3,\"name\":\"Allgemeine Gesch\u00e4ftsbedingungen\"}]},{\"@type\":\"WebSite\",\"@id\":\"https:\/\/abf.at\/en\/#website\",\"url\":\"https:\/\/abf.at\/en\/\",\"name\":\"Warehouse Management | Manufacturing Execution | Digital Twin\",\"description\":\"Building future. Boosting efficiency.\",\"publisher\":{\"@id\":\"https:\/\/abf.at\/en\/#organization\"},\"alternateName\":\"ABF GmbH\",\"potentialAction\":[{\"@type\":\"SearchAction\",\"target\":{\"@type\":\"EntryPoint\",\"urlTemplate\":\"https:\/\/abf.at\/en\/?s={search_term_string}\"},\"query-input\":{\"@type\":\"PropertyValueSpecification\",\"valueRequired\":true,\"valueName\":\"search_term_string\"}}],\"inLanguage\":\"en-US\"},{\"@type\":\"Organization\",\"@id\":\"https:\/\/abf.at\/en\/#organization\",\"name\":\"ABF GmbH\",\"url\":\"https:\/\/abf.at\/en\/\",\"logo\":{\"@type\":\"ImageObject\",\"inLanguage\":\"en-US\",\"@id\":\"https:\/\/abf.at\/en\/#\/schema\/logo\/image\/\",\"url\":\"https:\/\/abf.at\/wp-content\/uploads\/Element-4.png\",\"contentUrl\":\"https:\/\/abf.at\/wp-content\/uploads\/Element-4.png\",\"width\":2095,\"height\":2095,\"caption\":\"ABF GmbH\"},\"image\":{\"@id\":\"https:\/\/abf.at\/en\/#\/schema\/logo\/image\/\"},\"legalName\":\"ABF GmbH\"}]}<\/script>\n<!-- \/ Yoast SEO Premium plugin. -->","yoast_head_json":{"title":"Allgemeine Gesch\u00e4ftsbedingungen - ABF GmbH","robots":{"index":"index","follow":"follow","max-snippet":"max-snippet:-1","max-image-preview":"max-image-preview:large","max-video-preview":"max-video-preview:-1"},"canonical":"https:\/\/abf.at\/en\/imprint-and-legal-information\/agb\/","og_locale":"en_US","og_type":"article","og_title":"Allgemeine Gesch\u00e4ftsbedingungen","og_description":"Allgemeine Gesch\u00e4ftsbedingungen 1. Angebot und Vertragsschluss Die hiermit festgehaltenen Bedingungen gelten ausschlie\u00dflich; entgegenstehende Gesch\u00e4ftsbedingungen des Auftraggebers werden von ABF nur nach schriftlicher Zustimmung anerkannt. Alle Vereinbarungen der Parteien m\u00fcssen schriftlich erfolgen. 2. Mitwirkungspflichten des Auftraggebers Wird ABF durch Verletzung von Mitwirkungspflichten in der Erf\u00fcllung seiner Leistungspflichten behindert, so ist der Auftraggeber zum Ersatz dadurch bedingter [&hellip;]","og_url":"https:\/\/abf.at\/en\/imprint-and-legal-information\/agb\/","og_site_name":"ABF GmbH","article_modified_time":"2026-03-26T10:27:13+00:00","og_image":[{"width":2560,"height":1440,"url":"https:\/\/abf.at\/wp-content\/uploads\/thumb_cover_image-scaled.png","type":"image\/png"}],"twitter_card":"summary_large_image","twitter_misc":{"Est. reading time":"9 minutes"},"schema":{"@context":"https:\/\/schema.org","@graph":[{"@type":"WebPage","@id":"https:\/\/abf.at\/en\/imprint-and-legal-information\/agb\/","url":"https:\/\/abf.at\/en\/imprint-and-legal-information\/agb\/","name":"Allgemeine Gesch\u00e4ftsbedingungen - ABF GmbH","isPartOf":{"@id":"https:\/\/abf.at\/en\/#website"},"datePublished":"2025-11-25T10:28:52+00:00","dateModified":"2026-03-26T10:27:13+00:00","breadcrumb":{"@id":"https:\/\/abf.at\/en\/imprint-and-legal-information\/agb\/#breadcrumb"},"inLanguage":"en-US","potentialAction":[{"@type":"ReadAction","target":["https:\/\/abf.at\/en\/imprint-and-legal-information\/agb\/"]}]},{"@type":"BreadcrumbList","@id":"https:\/\/abf.at\/en\/imprint-and-legal-information\/agb\/#breadcrumb","itemListElement":[{"@type":"ListItem","position":1,"name":"Startseite","item":"https:\/\/abf.at\/en\/"},{"@type":"ListItem","position":2,"name":"Imprint and Legal Information","item":"https:\/\/abf.at\/en\/impressum\/"},{"@type":"ListItem","position":3,"name":"Allgemeine Gesch\u00e4ftsbedingungen"}]},{"@type":"WebSite","@id":"https:\/\/abf.at\/en\/#website","url":"https:\/\/abf.at\/en\/","name":"Warehouse Management | Manufacturing Execution | Digital Twin","description":"Building future. Boosting efficiency.","publisher":{"@id":"https:\/\/abf.at\/en\/#organization"},"alternateName":"ABF GmbH","potentialAction":[{"@type":"SearchAction","target":{"@type":"EntryPoint","urlTemplate":"https:\/\/abf.at\/en\/?s={search_term_string}"},"query-input":{"@type":"PropertyValueSpecification","valueRequired":true,"valueName":"search_term_string"}}],"inLanguage":"en-US"},{"@type":"Organization","@id":"https:\/\/abf.at\/en\/#organization","name":"ABF GmbH","url":"https:\/\/abf.at\/en\/","logo":{"@type":"ImageObject","inLanguage":"en-US","@id":"https:\/\/abf.at\/en\/#\/schema\/logo\/image\/","url":"https:\/\/abf.at\/wp-content\/uploads\/Element-4.png","contentUrl":"https:\/\/abf.at\/wp-content\/uploads\/Element-4.png","width":2095,"height":2095,"caption":"ABF GmbH"},"image":{"@id":"https:\/\/abf.at\/en\/#\/schema\/logo\/image\/"},"legalName":"ABF GmbH"}]}},"_links":{"self":[{"href":"https:\/\/abf.at\/en\/wp-json\/wp\/v2\/pages\/54497","targetHints":{"allow":["GET"]}}],"collection":[{"href":"https:\/\/abf.at\/en\/wp-json\/wp\/v2\/pages"}],"about":[{"href":"https:\/\/abf.at\/en\/wp-json\/wp\/v2\/types\/page"}],"author":[{"embeddable":true,"href":"https:\/\/abf.at\/en\/wp-json\/wp\/v2\/users\/1"}],"replies":[{"embeddable":true,"href":"https:\/\/abf.at\/en\/wp-json\/wp\/v2\/comments?post=54497"}],"version-history":[{"count":1,"href":"https:\/\/abf.at\/en\/wp-json\/wp\/v2\/pages\/54497\/revisions"}],"predecessor-version":[{"id":56053,"href":"https:\/\/abf.at\/en\/wp-json\/wp\/v2\/pages\/54497\/revisions\/56053"}],"up":[{"embeddable":true,"href":"https:\/\/abf.at\/en\/wp-json\/wp\/v2\/pages\/54619"}],"wp:attachment":[{"href":"https:\/\/abf.at\/en\/wp-json\/wp\/v2\/media?parent=54497"}],"curies":[{"name":"wp","href":"https:\/\/api.w.org\/{rel}","templated":true}]}}